{"id":24,"date":"2020-01-14T08:42:37","date_gmt":"2020-01-14T08:42:37","guid":{"rendered":"http:\/\/localhost\/wisdom-of-life\/?page_id=24"},"modified":"2024-10-17T13:01:51","modified_gmt":"2024-10-17T11:01:51","slug":"home","status":"publish","type":"page","link":"https:\/\/sosracismemoselle.org\/index.php\/home\/","title":{"rendered":"Home"},"content":{"rendered":"<div class=\"fusion-fullwidth fullwidth-box fusion-builder-row-1 fusion-flex-container nonhundred-percent-fullwidth non-hundred-percent-height-scrolling\" style=\"--awb-border-radius-top-left:0px;--awb-border-radius-top-right:0px;--awb-border-radius-bottom-right:0px;--awb-border-radius-bottom-left:0px;--awb-flex-wrap:wrap;\" ><div class=\"fusion-builder-row fusion-row fusion-flex-align-items-flex-start fusion-flex-content-wrap\" style=\"max-width:1123.2px;margin-left: calc(-4% \/ 2 );margin-right: calc(-4% \/ 2 );\"><div class=\"fusion-layout-column fusion_builder_column fusion-builder-column-0 fusion_builder_column_1_1 1_1 fusion-flex-column\" style=\"--awb-bg-size:cover;--awb-width-large:100%;--awb-margin-top-large:0px;--awb-spacing-right-large:1.92%;--awb-margin-bottom-large:0px;--awb-spacing-left-large:1.92%;--awb-width-medium:100%;--awb-spacing-right-medium:1.92%;--awb-spacing-left-medium:1.92%;--awb-width-small:100%;--awb-spacing-right-small:1.92%;--awb-spacing-left-small:1.92%;\"><div class=\"fusion-column-wrapper fusion-flex-justify-content-flex-start fusion-content-layout-column\"><div class=\"fusion-recent-posts fusion-recent-posts-1 avada-container layout-thumbnails-on-side layout-columns-3\"><section class=\"fusion-columns columns fusion-columns-3 columns-3\"><article class=\"post fusion-column column col col-lg-4 col-md-4 col-sm-4\"><div class=\"fusion-flexslider fusion-flexslider-loading flexslider floated-slideshow flexslider-hover-type-none\"><ul class=\"slides\"><li><a href=\"https:\/\/sosracismemoselle.org\/index.php\/2025\/07\/20\/journee-nationale-a-la-memoire-des-victimes-des-crimes-racistes-et-antisemites-de-letat-francais\/\" aria-label=\"Journ\u00e9e nationale \u00e0 la m\u00e9moire des victimes des crimes racistes et antis\u00e9mites de l\u2019\u00c9tat fran\u00e7ais\" class=\"hover-type-none\"><img decoding=\"async\" width=\"177\" height=\"142\" src=\"https:\/\/sosracismemoselle.org\/wp-content\/uploads\/2025\/07\/520601725_725949637079074_5400409612393472437_n-177x142.jpg\" class=\"attachment-portfolio-five size-portfolio-five\" alt=\"\" \/><\/a><\/li><\/ul><\/div><div class=\"recent-posts-content\"><span class=\"vcard\" style=\"display: none;\"><span class=\"fn\"><a href=\"https:\/\/sosracismemoselle.org\/index.php\/author\/jr\/\" title=\"Posts by JR\" rel=\"author\">JR<\/a><\/span><\/span><span class=\"updated\" style=\"display:none;\">2025-08-04T07:37:14+02:00<\/span><h4 class=\"entry-title\"><a href=\"https:\/\/sosracismemoselle.org\/index.php\/2025\/07\/20\/journee-nationale-a-la-memoire-des-victimes-des-crimes-racistes-et-antisemites-de-letat-francais\/\">Journ\u00e9e nationale \u00e0 la m\u00e9moire des victimes des crimes racistes et antis\u00e9mites de l\u2019\u00c9tat fran\u00e7ais<\/a><\/h4><p class=\"meta\"><span class=\"vcard\" style=\"display: none;\"><span class=\"fn\"><a href=\"https:\/\/sosracismemoselle.org\/index.php\/author\/jr\/\" title=\"Posts by JR\" rel=\"author\">JR<\/a><\/span><\/span><span class=\"updated\" style=\"display:none;\">2025-08-04T07:37:14+02:00<\/span><span>20 July 2025<\/span><span class=\"fusion-inline-sep\">|<\/span><span class=\"fusion-comments\"><a href=\"https:\/\/sosracismemoselle.org\/index.php\/2025\/07\/20\/journee-nationale-a-la-memoire-des-victimes-des-crimes-racistes-et-antisemites-de-letat-francais\/#respond\">0 Comments<\/a><\/span><\/p><p>  Ce matin, au Fort de Queuleu \u00e0 Metz, nous avons particip\u00e9 \u00e0 la c\u00e9r\u00e9monie de comm\u00e9moration de la Journ\u00e9e nationale \u00e0 la m\u00e9moire des victimes des crimes racistes et antis\u00e9mites de l\u2019\u00c9tat fran\u00e7ais. [...]<\/p><\/div><\/article><article class=\"post fusion-column column col col-lg-4 col-md-4 col-sm-4\"><div class=\"fusion-flexslider fusion-flexslider-loading flexslider floated-slideshow flexslider-hover-type-none\"><ul class=\"slides\"><li><a href=\"https:\/\/sosracismemoselle.org\/index.php\/2025\/05\/23\/23-mai-journee-nationale-en-hommage-aux-victimes-de-lesclavage-colonial\/\" aria-label=\"23 mai \u2013 Journ\u00e9e nationale en hommage aux victimes de l\u2019esclavage colonial\" class=\"hover-type-none\"><img decoding=\"async\" width=\"177\" height=\"142\" src=\"https:\/\/sosracismemoselle.org\/wp-content\/uploads\/2025\/08\/494465569_679223608418344_1109189434130789551_n-177x142.jpg\" class=\"attachment-portfolio-five size-portfolio-five\" alt=\"\" \/><\/a><\/li><\/ul><\/div><div class=\"recent-posts-content\"><span class=\"vcard\" style=\"display: none;\"><span class=\"fn\"><a href=\"https:\/\/sosracismemoselle.org\/index.php\/author\/jr\/\" title=\"Posts by JR\" rel=\"author\">JR<\/a><\/span><\/span><span class=\"updated\" style=\"display:none;\">2025-08-04T07:23:11+02:00<\/span><h4 class=\"entry-title\"><a href=\"https:\/\/sosracismemoselle.org\/index.php\/2025\/05\/23\/23-mai-journee-nationale-en-hommage-aux-victimes-de-lesclavage-colonial\/\">23 mai \u2013 Journ\u00e9e nationale en hommage aux victimes de l\u2019esclavage colonial<\/a><\/h4><p class=\"meta\"><span class=\"vcard\" style=\"display: none;\"><span class=\"fn\"><a href=\"https:\/\/sosracismemoselle.org\/index.php\/author\/jr\/\" title=\"Posts by JR\" rel=\"author\">JR<\/a><\/span><\/span><span class=\"updated\" style=\"display:none;\">2025-08-04T07:23:11+02:00<\/span><span>23 May 2025<\/span><span class=\"fusion-inline-sep\">|<\/span><span class=\"fusion-comments\"><a href=\"https:\/\/sosracismemoselle.org\/index.php\/2025\/05\/23\/23-mai-journee-nationale-en-hommage-aux-victimes-de-lesclavage-colonial\/#respond\">0 Comments<\/a><\/span><\/p><p>  \u00c0 l\u2019occasion de la Journ\u00e9e nationale en hommage aux victimes de l\u2019esclavage colonial, nous tenons \u00e0 rappeler que l\u2019histoire coloniale, ses violences et ses h\u00e9ritages, ne peuvent \u00eatre occult\u00e9s si l\u2019on veut v\u00e9ritablement [...]<\/p><\/div><\/article><article class=\"post fusion-column column col col-lg-4 col-md-4 col-sm-4\"><div class=\"fusion-flexslider fusion-flexslider-loading flexslider floated-slideshow flexslider-hover-type-none\"><ul class=\"slides\"><li><a href=\"https:\/\/sosracismemoselle.org\/index.php\/2025\/05\/10\/hommage-a-aboubakar-cisse-et-mobilisation-contre-lislamophobie\/\" aria-label=\"Hommage \u00e0 Aboubakar Ciss\u00e9 et mobilisation contre l\u2019islamophobie\" class=\"hover-type-none\"><img decoding=\"async\" width=\"177\" height=\"142\" src=\"https:\/\/sosracismemoselle.org\/wp-content\/uploads\/2025\/08\/493082303_672454289095276_4789265369136318171_n-177x142.jpg\" class=\"attachment-portfolio-five size-portfolio-five\" alt=\"\" \/><\/a><\/li><\/ul><\/div><div class=\"recent-posts-content\"><span class=\"vcard\" style=\"display: none;\"><span class=\"fn\"><a href=\"https:\/\/sosracismemoselle.org\/index.php\/author\/jr\/\" title=\"Posts by JR\" rel=\"author\">JR<\/a><\/span><\/span><span class=\"updated\" style=\"display:none;\">2025-08-04T06:35:30+02:00<\/span><h4 class=\"entry-title\"><a href=\"https:\/\/sosracismemoselle.org\/index.php\/2025\/05\/10\/hommage-a-aboubakar-cisse-et-mobilisation-contre-lislamophobie\/\">Hommage \u00e0 Aboubakar Ciss\u00e9 et mobilisation contre l\u2019islamophobie<\/a><\/h4><p class=\"meta\"><span class=\"vcard\" style=\"display: none;\"><span class=\"fn\"><a href=\"https:\/\/sosracismemoselle.org\/index.php\/author\/jr\/\" title=\"Posts by JR\" rel=\"author\">JR<\/a><\/span><\/span><span class=\"updated\" style=\"display:none;\">2025-08-04T06:35:30+02:00<\/span><span>10 May 2025<\/span><span class=\"fusion-inline-sep\">|<\/span><span class=\"fusion-comments\"><span>Comments Off<span class=\"screen-reader-text\"> on Hommage \u00e0 Aboubakar Ciss\u00e9 et mobilisation contre l\u2019islamophobie<\/span><\/span><\/span><\/p><p>Nous appellons \u00e0 une mobilisation citoyenne ce samedi 17 mai, \u00e0 partir de 10h30 \u00e0 Metz. Une marche silencieuse partira de la Place de la R\u00e9publique pour rejoindre le Parvis des Droits de l\u2019Homme, en [...]<\/p><\/div><\/article><\/section><\/div><\/div><\/div><\/div><\/div>\n","protected":false},"excerpt":{"rendered":"","protected":false},"author":3,"featured_media":0,"parent":0,"menu_order":0,"comment_status":"closed","ping_status":"closed","template":"","meta":{"footnotes":""},"class_list":["post-24","page","type-page","status-publish","hentry"],"aioseo_notices":[],"_links":{"self":[{"href":"https:\/\/sosracismemoselle.org\/index.php\/wp-json\/wp\/v2\/pages\/24","targetHints":{"allow":["GET"]}}],"collection":[{"href":"https:\/\/sosracismemoselle.org\/index.php\/wp-json\/wp\/v2\/pages"}],"about":[{"href":"https:\/\/sosracismemoselle.org\/index.php\/wp-json\/wp\/v2\/types\/page"}],"author":[{"embeddable":true,"href":"https:\/\/sosracismemoselle.org\/index.php\/wp-json\/wp\/v2\/users\/3"}],"replies":[{"embeddable":true,"href":"https:\/\/sosracismemoselle.org\/index.php\/wp-json\/wp\/v2\/comments?post=24"}],"version-history":[{"count":10,"href":"https:\/\/sosracismemoselle.org\/index.php\/wp-json\/wp\/v2\/pages\/24\/revisions"}],"predecessor-version":[{"id":2209,"href":"https:\/\/sosracismemoselle.org\/index.php\/wp-json\/wp\/v2\/pages\/24\/revisions\/2209"}],"wp:attachment":[{"href":"https:\/\/sosracismemoselle.org\/index.php\/wp-json\/wp\/v2\/media?parent=24"}],"curies":[{"name":"wp","href":"https:\/\/api.w.org\/{rel}","templated":true}]}}